{"id":6713,"date":"2020-07-20T22:48:31","date_gmt":"2020-07-21T01:48:31","guid":{"rendered":"https:\/\/pestgate.com\/product\/repelente-de-mosquitos-portatil\/"},"modified":"2020-09-11T15:23:37","modified_gmt":"2020-09-11T18:23:37","slug":"repelente-de-mosquitos-portatil","status":"publish","type":"product","link":"https:\/\/pestgate.com\/es\/producto\/repelente-de-mosquitos-portatil\/","title":{"rendered":"Repelente de mosquitos port\u00e1til"},"content":{"rendered":"<h3><span style=\"color: #0000ff;\">AHUYENTA MOSQUITOS PORTATIL<\/span><\/h3>\n<h4>La teor\u00eda:<\/h4>\n<h4>El ahuyenta mosquitos portatil usa una baja frecuencia de ondas sonoras audibles que irritan e impulsan la mayor\u00eda de los mosquitos lejos.<\/h4>\n<h4>Aplicabilidad:<\/h4>\n<h4>El repelente de mosquitos Portable es \u00fatil en apartamentos, campings, canchas de golf, etc y cubre el \u00e1rea alrededor de su cuerpo<\/h4>\n<h4>Caracter\u00edsticas:<\/h4>\n<h4>1.S\u00f3lo eficaz con mosquitos, no interfiere con la operaci\u00f3n de la radio, televisi\u00f3n u otro equipo electr\u00f3nico<\/h4>\n<h4>2. Es muy econ\u00f3mico, conveniente y favorable al medio ambiente.<\/h4>\n<h4>3. Dise\u00f1o art\u00edstico y exquisito.<\/h4>\n<h4><\/h4>\n<h4>Modo de uso:<\/h4>\n<h4>1. Para abrir la tapa del compartimento de la bater\u00eda, gire la cubierta, a la posici\u00f3n OFF.<\/h4>\n<h4>2. Instale la pila con el extremo positivo dentro del compartimiento de la bater\u00eda.<\/h4>\n<h4>3. Vuelva a colocar la tapa del compartimento de la bater\u00eda empujando la tapa posterior con una ligera fuerza para asegurarse de que las l\u00edneas indicadoras est\u00e1n alineados a la posici\u00f3n OFF.<\/h4>\n<h4>4. Para encender el dispositivo, gire la tapa hacia la derecha para el interruptor en la posici\u00f3n ON.<\/h4>\n","protected":false},"excerpt":{"rendered":"<p>AHUYENTA MOSQUITOS PORTATIL La teor\u00eda: El ahuyenta mosquitos portatil usa una baja frecuencia de ondas sonoras audibles que irritan e impulsan la mayor\u00eda de los mosquitos lejos. Aplicabilidad: El repelente<\/p>\n","protected":false},"featured_media":6714,"template":"","meta":[],"product_brand":[],"product_cat":[314,313,315],"product_tag":[],"class_list":{"0":"post-6713","1":"product","2":"type-product","3":"status-publish","4":"has-post-thumbnail","6":"product_cat-mata-insectos","7":"product_cat-mata-moscas","8":"product_cat-mata-mosquitos","10":"first","11":"instock","12":"shipping-taxable","13":"purchasable","14":"product-type-simple"},"_links":{"self":[{"href":"https:\/\/pestgate.com\/es\/wp-json\/wp\/v2\/product\/6713","targetHints":{"allow":["GET"]}}],"collection":[{"href":"https:\/\/pestgate.com\/es\/wp-json\/wp\/v2\/product"}],"about":[{"href":"https:\/\/pestgate.com\/es\/wp-json\/wp\/v2\/types\/product"}],"wp:featuredmedia":[{"embeddable":true,"href":"https:\/\/pestgate.com\/es\/wp-json\/wp\/v2\/media\/6714"}],"wp:attachment":[{"href":"https:\/\/pestgate.com\/es\/wp-json\/wp\/v2\/media?parent=6713"}],"wp:term":[{"taxonomy":"product_brand","embeddable":true,"href":"https:\/\/pestgate.com\/es\/wp-json\/wp\/v2\/product_brand?post=6713"},{"taxonomy":"product_cat","embeddable":true,"href":"https:\/\/pestgate.com\/es\/wp-json\/wp\/v2\/product_cat?post=6713"},{"taxonomy":"product_tag","embeddable":true,"href":"https:\/\/pestgate.com\/es\/wp-json\/wp\/v2\/product_tag?post=6713"}],"curies":[{"name":"wp","href":"https:\/\/api.w.org\/{rel}","templated":true}]}}