{"id":6722,"date":"2020-07-20T22:48:31","date_gmt":"2020-07-21T01:48:31","guid":{"rendered":"https:\/\/pestgate.com\/product\/mata-mosquitos-50m2-farol\/"},"modified":"2020-09-11T15:27:38","modified_gmt":"2020-09-11T18:27:38","slug":"mata-mosquitos-50m2-farol","status":"publish","type":"product","link":"https:\/\/pestgate.com\/es\/producto\/mata-mosquitos-50m2-farol\/","title":{"rendered":"MATA MOSQUITOS 50M2 FAROL"},"content":{"rendered":"<h3>MATA MOSQUITOS 50M2 FAROL<\/h3>\n<p>MATA MOSQUITOS 50M2 FAROL Funciona como un se\u00f1uelo para los insectos voladores\u00a0 sensibles a la luz. En consecuencia, los insectos volaran hacia la rejilla de metal cargada electricamente y se electrocutan al acercarse. De esta manera, forma un sistema de exterminacion de insectos.<\/p>\n<p>Es practico, eficiente, higi\u00e9nico y electr\u00f3nico. Por otro lado, para realizar su limpieza hay que desconectar el producto previamente.<\/p>\n<p>Es solo para uso en interiores, cubre hasta 50 metros cuadrados.<\/p>\n<p>Ademas, posee protectores que impiden que los dedos toquen las rejillas de alta tensi\u00f3n integradas. Puede ser utilizado en lugares como dormitorios, cocinas, livings, oficinas, peque\u00f1os negocios, etc<\/p>\n<h4><b>Caracter\u00edsticas<\/b><strong>\u00a0principales:<\/strong><\/h4>\n<ul>\n<li>Cubre \u00e1reas de 50 metros cuadrados<\/li>\n<li>Muy bajo costo de mantenimiento solo consume\u00a04Watts<\/li>\n<li>Nueva tecnolog\u00eda LED Super bright(UV+BLUE)<\/li>\n<li>Duraci\u00f3n aproximada 120.000 horas<\/li>\n<li>Solo para interiores<\/li>\n<li>Operaci\u00f3n: 5 volts incluye puerto USB y transformador<\/li>\n<li>Calidad Premium!<\/li>\n<\/ul>\n<p><strong>Servicio al cliente incre\u00edble<\/strong> \u00a1Nos preocupa su \u00e9xito con su producto, y queremos utilizar nuestra experiencia de m\u00e1s de 10 a\u00f1os en el negocio de control electr\u00f3nico de plagas para resolver su problema! Cuando nos compra, no solo obtiene nuestro producto garantizado, sino que tambi\u00e9n obtiene acceso a nuestro sistema de soporte que se preocupa por sus resultados. Nos comprometemos a brindarle nuestra ayuda y conocimientos sobre c\u00f3mo proceder cuando exista un problema de control de plagas m\u00e1s dif\u00edcil de lo normal.<\/p>\n","protected":false},"excerpt":{"rendered":"<p>MATA MOSQUITOS 50M2 FAROL MATA MOSQUITOS 50M2 FAROL Funciona como un se\u00f1uelo para los insectos voladores\u00a0 sensibles a la luz. En consecuencia, los insectos volaran hacia la rejilla de metal<\/p>\n","protected":false},"featured_media":6444,"template":"","meta":[],"product_brand":[],"product_cat":[314,315],"product_tag":[],"class_list":{"0":"post-6722","1":"product","2":"type-product","3":"status-publish","4":"has-post-thumbnail","6":"product_cat-mata-insectos","7":"product_cat-mata-mosquitos","9":"first","10":"instock","11":"shipping-taxable","12":"purchasable","13":"product-type-simple"},"_links":{"self":[{"href":"https:\/\/pestgate.com\/es\/wp-json\/wp\/v2\/product\/6722","targetHints":{"allow":["GET"]}}],"collection":[{"href":"https:\/\/pestgate.com\/es\/wp-json\/wp\/v2\/product"}],"about":[{"href":"https:\/\/pestgate.com\/es\/wp-json\/wp\/v2\/types\/product"}],"wp:featuredmedia":[{"embeddable":true,"href":"https:\/\/pestgate.com\/es\/wp-json\/wp\/v2\/media\/6444"}],"wp:attachment":[{"href":"https:\/\/pestgate.com\/es\/wp-json\/wp\/v2\/media?parent=6722"}],"wp:term":[{"taxonomy":"product_brand","embeddable":true,"href":"https:\/\/pestgate.com\/es\/wp-json\/wp\/v2\/product_brand?post=6722"},{"taxonomy":"product_cat","embeddable":true,"href":"https:\/\/pestgate.com\/es\/wp-json\/wp\/v2\/product_cat?post=6722"},{"taxonomy":"product_tag","embeddable":true,"href":"https:\/\/pestgate.com\/es\/wp-json\/wp\/v2\/product_tag?post=6722"}],"curies":[{"name":"wp","href":"https:\/\/api.w.org\/{rel}","templated":true}]}}