{"id":6724,"date":"2020-07-20T22:48:31","date_gmt":"2020-07-21T01:48:31","guid":{"rendered":"https:\/\/pestgate.com\/product\/disuador-visual-de-aves\/"},"modified":"2020-09-11T15:30:05","modified_gmt":"2020-09-11T18:30:05","slug":"disuasor-visual-de-aves","status":"publish","type":"product","link":"https:\/\/pestgate.com\/es\/producto\/disuasor-visual-de-aves\/","title":{"rendered":"Disuasor visual de Aves"},"content":{"rendered":"<h4><span style=\"color: #0000ff;\">DISUASOR VISUAL DE AVES<\/span><\/h4>\n<p>El DISUASOR VISUAL DE AVES espanta todo tipo de aves, f\u00e1cil de usar. Representa para las aves m\u00e1s comunes la mirada de depredadores mayores.<br \/>\nEfectivo, econ\u00f3mico, ideal para balcones, terrazas, puertos, etc.<\/p>\n<p>&nbsp;<\/p>\n<p>&nbsp;<\/p>\n<p><strong>Servicio al cliente incre\u00edble<\/strong>\u00a0\u00a1Nos preocupa su \u00e9xito con el\u00a0 repelente, y queremos utilizar nuestra experiencia de m\u00e1s de 10 a\u00f1os en el negocio de control electr\u00f3nico de plagas para resolver su problema! Cuando nos compra, no solo obtiene nuestro producto garantizado, sino que tambi\u00e9n obtiene acceso a nuestro sistema de soporte\u00a0 \u00a0que se preocupa por sus resultados. Nos comprometemos a brindarle nuestra ayuda y conocimientos sobre c\u00f3mo proceder cuando exista un problema de control de aves m\u00e1s dif\u00edcil de lo normal.<\/p>\n<p>&nbsp;<\/p>\n<h4><a href=\"https:\/\/todoparaplagas.com.ar\/contacto\/\">Contacto click aqui<\/a><\/h4>\n<h4>Informaci\u00f3n sobre enfermedades transmitidas por plagas.<\/h4>\n<h4><a href=\"https:\/\/www.isglobal.org\/es\/publication\/-\/asset_publisher\/ljGAMKTwu9m4\/content\/sospechosos-habituales-6-vectores-minusculos-que-representan-una-amenaza-mayuscula?gclid=EAIaIQobChMIl-aXkcWs4gIVjYKRCh2YUATVEAAYASAAEgIFAPD_BwE\">Articulo 1<\/a><\/h4>\n<h4><a href=\"https:\/\/es.wikipedia.org\/wiki\/Rattus\">Articulo 2<\/a><\/h4>\n<p>&nbsp;<\/p>\n","protected":false},"excerpt":{"rendered":"<p>DISUASOR VISUAL DE AVES El DISUASOR VISUAL DE AVES espanta todo tipo de aves, f\u00e1cil de usar. Representa para las aves m\u00e1s comunes la mirada de depredadores mayores. Efectivo, econ\u00f3mico,<\/p>\n","protected":false},"featured_media":6725,"template":"","meta":[],"product_brand":[],"product_cat":[309,311,308],"product_tag":[],"class_list":{"0":"post-6724","1":"product","2":"type-product","3":"status-publish","4":"has-post-thumbnail","6":"product_cat-repelente-de-animales","7":"product_cat-repelente-de-aves","8":"product_cat-todo-para-el-agro","10":"first","11":"instock","12":"shipping-taxable","13":"purchasable","14":"product-type-simple"},"_links":{"self":[{"href":"https:\/\/pestgate.com\/es\/wp-json\/wp\/v2\/product\/6724","targetHints":{"allow":["GET"]}}],"collection":[{"href":"https:\/\/pestgate.com\/es\/wp-json\/wp\/v2\/product"}],"about":[{"href":"https:\/\/pestgate.com\/es\/wp-json\/wp\/v2\/types\/product"}],"wp:featuredmedia":[{"embeddable":true,"href":"https:\/\/pestgate.com\/es\/wp-json\/wp\/v2\/media\/6725"}],"wp:attachment":[{"href":"https:\/\/pestgate.com\/es\/wp-json\/wp\/v2\/media?parent=6724"}],"wp:term":[{"taxonomy":"product_brand","embeddable":true,"href":"https:\/\/pestgate.com\/es\/wp-json\/wp\/v2\/product_brand?post=6724"},{"taxonomy":"product_cat","embeddable":true,"href":"https:\/\/pestgate.com\/es\/wp-json\/wp\/v2\/product_cat?post=6724"},{"taxonomy":"product_tag","embeddable":true,"href":"https:\/\/pestgate.com\/es\/wp-json\/wp\/v2\/product_tag?post=6724"}],"curies":[{"name":"wp","href":"https:\/\/api.w.org\/{rel}","templated":true}]}}