{"id":6730,"date":"2020-07-20T22:48:31","date_gmt":"2020-07-21T01:48:31","guid":{"rendered":"https:\/\/pestgate.com\/product\/mata-mosquitos-150m2\/"},"modified":"2020-07-20T22:48:31","modified_gmt":"2020-07-21T01:48:31","slug":"mata-mosquitos-150m2","status":"publish","type":"product","link":"https:\/\/pestgate.com\/es\/producto\/mata-mosquitos-150m2\/","title":{"rendered":"Mata mosquitos 150m2"},"content":{"rendered":"<p>MATAR MOSQUITOS 150m2<br \/>\nModelo: ACR2B<\/p>\n<p>El asesino de mosquitos de 150m2 funciona como se\u00f1uelo para insectos voladores sensibles a la luz. En consecuencia, los insectos volar\u00e1n hacia la rejilla met\u00e1lica cargada el\u00e9ctricamente y se electrocutar\u00e1n al acercarse. De esta forma, forma un sistema de exterminio de insectos.<\/p>\n<p>Es pr\u00e1ctico, eficiente, higi\u00e9nico y electr\u00f3nico. Por otro lado, para limpiarlo se debe desconectar previamente el producto.<\/p>\n<p>Es solo para uso en interiores, cubre hasta 150 metros cuadrados.<\/p>\n<p>Adem\u00e1s, cuenta con protectores que evitan que los dedos toquen las redes de alta tensi\u00f3n integradas. Se puede utilizar en lugares como dormitorios, cocinas, salas de estar, oficinas, peque\u00f1as empresas, etc.<\/p>\n<p>Principales caracter\u00edsticas:<\/p>\n<p>Cubre \u00e1reas de 150 metros cuadrados<br \/>\nLucha contra moscas, mosquitos y la mayor\u00eda de insectos voladores.<br \/>\nEl costo de mantenimiento muy bajo solo consume 2.5 Watts<br \/>\nTecnolog\u00eda Nuva LED Super brillante (UV + AZUL)<br \/>\nDuraci\u00f3n aproximada 120.000 horas<br \/>\nAdecuado para interior y exterior (no impermeable)<br \/>\nFuncionamiento: 5 voltios incluye puerto USB y transformador<br \/>\n\u00a1Calidad premium!<\/p>\n","protected":false},"excerpt":{"rendered":"<p>MATAR MOSQUITOS 150m2 Modelo: ACR2B El asesino de mosquitos de 150m2 funciona como se\u00f1uelo para insectos voladores sensibles a la luz. En consecuencia, los insectos volar\u00e1n hacia la rejilla met\u00e1lica<\/p>\n","protected":false},"featured_media":6731,"template":"","meta":[],"product_brand":[],"product_cat":[314,313,315],"product_tag":[],"class_list":{"0":"post-6730","1":"product","2":"type-product","3":"status-publish","4":"has-post-thumbnail","6":"product_cat-mata-insectos","7":"product_cat-mata-moscas","8":"product_cat-mata-mosquitos","10":"first","11":"instock","12":"shipping-taxable","13":"purchasable","14":"product-type-simple"},"_links":{"self":[{"href":"https:\/\/pestgate.com\/es\/wp-json\/wp\/v2\/product\/6730","targetHints":{"allow":["GET"]}}],"collection":[{"href":"https:\/\/pestgate.com\/es\/wp-json\/wp\/v2\/product"}],"about":[{"href":"https:\/\/pestgate.com\/es\/wp-json\/wp\/v2\/types\/product"}],"wp:featuredmedia":[{"embeddable":true,"href":"https:\/\/pestgate.com\/es\/wp-json\/wp\/v2\/media\/6731"}],"wp:attachment":[{"href":"https:\/\/pestgate.com\/es\/wp-json\/wp\/v2\/media?parent=6730"}],"wp:term":[{"taxonomy":"product_brand","embeddable":true,"href":"https:\/\/pestgate.com\/es\/wp-json\/wp\/v2\/product_brand?post=6730"},{"taxonomy":"product_cat","embeddable":true,"href":"https:\/\/pestgate.com\/es\/wp-json\/wp\/v2\/product_cat?post=6730"},{"taxonomy":"product_tag","embeddable":true,"href":"https:\/\/pestgate.com\/es\/wp-json\/wp\/v2\/product_tag?post=6730"}],"curies":[{"name":"wp","href":"https:\/\/api.w.org\/{rel}","templated":true}]}}