{"id":6734,"date":"2020-07-20T22:48:31","date_gmt":"2020-07-21T01:48:31","guid":{"rendered":"https:\/\/pestgate.com\/product\/mata-insectos-con-placa\/"},"modified":"2020-07-20T22:48:31","modified_gmt":"2020-07-21T01:48:31","slug":"mata-insectos-con-placa","status":"publish","type":"product","link":"https:\/\/pestgate.com\/es\/producto\/mata-insectos-con-placa\/","title":{"rendered":"Mata insectos con placa"},"content":{"rendered":"<p>MATA INSECTOS CON PLACA<\/p>\n<p>El insecticida de placa adhesiva es un sistema de exterminio electr\u00f3nico pr\u00e1ctico, eficiente, higi\u00e9nico y autom\u00e1tico que atrae a los insectos sensibles a la luz y, en consecuencia, quedan atrapados en la placa adhesiva.<\/p>\n<p>Alta eficiencia con bajo consumo de energ\u00eda. Consume 2.5v en funcionamiento.<\/p>\n<p>Por lo tanto, es una invenci\u00f3n ecol\u00f3gica, no se necesita insecticida ni qu\u00edmico.<\/p>\n<p>Adem\u00e1s, el producto puede durar m\u00e1s de 8 a\u00f1os en condiciones normales y buenas. Coloque el dispositivo en un rinc\u00f3n oscuro, evite lugares donde haya mucha luz.<\/p>\n<p>Caracteristicas:<\/p>\n<p>&#8211; 12 m2 de cobertura interior<br \/>\n&#8211; No utiliza ning\u00fan tipo de insecticida<br \/>\n&#8211; Fuente de alimentaci\u00f3n 5 voltios, incluye cable USB y transformador<br \/>\n&#8211; Captura y elimina mosquitos, loros y moscas.<br \/>\n&#8211; Para uso interior: habitaciones, salones, dormitorios, cocinas, s\u00f3tanos, pasillos.<br \/>\n&#8211; Es totalmente inofensivo para humanos y animales.<br \/>\n&#8211; Nueva tecnolog\u00eda LED superbrillante (UV + AZUL)<\/p>\n","protected":false},"excerpt":{"rendered":"<p>MATA INSECTOS CON PLACA El insecticida de placa adhesiva es un sistema de exterminio electr\u00f3nico pr\u00e1ctico, eficiente, higi\u00e9nico y autom\u00e1tico que atrae a los insectos sensibles a la luz y,<\/p>\n","protected":false},"featured_media":6735,"template":"","meta":[],"product_brand":[],"product_cat":[314],"product_tag":[],"class_list":{"0":"post-6734","1":"product","2":"type-product","3":"status-publish","4":"has-post-thumbnail","6":"product_cat-mata-insectos","8":"first","9":"instock","10":"shipping-taxable","11":"purchasable","12":"product-type-simple"},"_links":{"self":[{"href":"https:\/\/pestgate.com\/es\/wp-json\/wp\/v2\/product\/6734","targetHints":{"allow":["GET"]}}],"collection":[{"href":"https:\/\/pestgate.com\/es\/wp-json\/wp\/v2\/product"}],"about":[{"href":"https:\/\/pestgate.com\/es\/wp-json\/wp\/v2\/types\/product"}],"wp:featuredmedia":[{"embeddable":true,"href":"https:\/\/pestgate.com\/es\/wp-json\/wp\/v2\/media\/6735"}],"wp:attachment":[{"href":"https:\/\/pestgate.com\/es\/wp-json\/wp\/v2\/media?parent=6734"}],"wp:term":[{"taxonomy":"product_brand","embeddable":true,"href":"https:\/\/pestgate.com\/es\/wp-json\/wp\/v2\/product_brand?post=6734"},{"taxonomy":"product_cat","embeddable":true,"href":"https:\/\/pestgate.com\/es\/wp-json\/wp\/v2\/product_cat?post=6734"},{"taxonomy":"product_tag","embeddable":true,"href":"https:\/\/pestgate.com\/es\/wp-json\/wp\/v2\/product_tag?post=6734"}],"curies":[{"name":"wp","href":"https:\/\/api.w.org\/{rel}","templated":true}]}}