{"id":6737,"date":"2020-07-20T22:48:30","date_gmt":"2020-07-21T01:48:30","guid":{"rendered":"https:\/\/pestgate.com\/product\/canon-solar-repelente-de-pajaros\/"},"modified":"2020-07-20T22:48:30","modified_gmt":"2020-07-21T01:48:30","slug":"canon-solar-repelente-de-pajaros","status":"publish","type":"product","link":"https:\/\/pestgate.com\/es\/producto\/canon-solar-repelente-de-pajaros\/","title":{"rendered":"Ca\u00f1\u00f3n Solar repelente de p\u00e1jaros"},"content":{"rendered":"<p>CA\u00d1ON SOLAR ESPANTA AVES<\/p>\n<p>La pistola solar para p\u00e1jaros es completamente autom\u00e1tica, funciona con gas y est\u00e1 controlada por un microprocesador electr\u00f3nico.<\/p>\n<p>Realiza detonaciones sonoras que se pueden ajustar a la frecuencia deseada, desde un minuto hasta media hora o una hora. El \u00e1rea de protecci\u00f3n del equipo es de 2 hect\u00e1reas dependiendo del tipo de cultivo y terreno.<\/p>\n<p>\u00datil para ahuyentar p\u00e1jaros y cualquier otro animal para la protecci\u00f3n de cultivos como:<\/p>\n<p>agricultura (ma\u00edz, soja, arroz, trigo, girasol)<br \/>\n\u00e1rboles frutales y tambi\u00e9n aeropuertos, puertos e industrias.<\/p>\n<p>Adem\u00e1s, las detonaciones se pueden regular a la frecuencia deseada, desde un minuto hasta media hora o una hora. El \u00e1rea de protecci\u00f3n del equipo es de 2 hect\u00e1reas dependiendo del tipo de cultivo y terreno.<\/p>\n<p>Trabaja con una fuerza de sonido de 120 db<\/p>\n<p>Cubre hasta 2 hect\u00e1reas<br \/>\n2 disparos en serie<br \/>\nC\u00e9lula fotoel\u00e9ctrica para uso diario, nocturno y 24 horas<br \/>\nDisponibilidad de intervalo aleatorio<br \/>\nMuy facil de instalar<br \/>\nAproximadamente 22,320 detonaciones con un garaje de 12 kg<br \/>\nCasi libre de mantenimiento<br \/>\nFunciona con una bater\u00eda de 12V.<\/p>\n","protected":false},"excerpt":{"rendered":"<p>CA\u00d1ON SOLAR ESPANTA AVES La pistola solar para p\u00e1jaros es completamente autom\u00e1tica, funciona con gas y est\u00e1 controlada por un microprocesador electr\u00f3nico. Realiza detonaciones sonoras que se pueden ajustar a<\/p>\n","protected":false},"featured_media":6738,"template":"","meta":[],"product_brand":[],"product_cat":[309,311],"product_tag":[],"class_list":{"0":"post-6737","1":"product","2":"type-product","3":"status-publish","4":"has-post-thumbnail","6":"product_cat-repelente-de-animales","7":"product_cat-repelente-de-aves","9":"first","10":"instock","11":"shipping-taxable","12":"purchasable","13":"product-type-simple"},"_links":{"self":[{"href":"https:\/\/pestgate.com\/es\/wp-json\/wp\/v2\/product\/6737","targetHints":{"allow":["GET"]}}],"collection":[{"href":"https:\/\/pestgate.com\/es\/wp-json\/wp\/v2\/product"}],"about":[{"href":"https:\/\/pestgate.com\/es\/wp-json\/wp\/v2\/types\/product"}],"wp:featuredmedia":[{"embeddable":true,"href":"https:\/\/pestgate.com\/es\/wp-json\/wp\/v2\/media\/6738"}],"wp:attachment":[{"href":"https:\/\/pestgate.com\/es\/wp-json\/wp\/v2\/media?parent=6737"}],"wp:term":[{"taxonomy":"product_brand","embeddable":true,"href":"https:\/\/pestgate.com\/es\/wp-json\/wp\/v2\/product_brand?post=6737"},{"taxonomy":"product_cat","embeddable":true,"href":"https:\/\/pestgate.com\/es\/wp-json\/wp\/v2\/product_cat?post=6737"},{"taxonomy":"product_tag","embeddable":true,"href":"https:\/\/pestgate.com\/es\/wp-json\/wp\/v2\/product_tag?post=6737"}],"curies":[{"name":"wp","href":"https:\/\/api.w.org\/{rel}","templated":true}]}}