{"id":6743,"date":"2020-07-20T22:48:30","date_gmt":"2020-07-21T01:48:30","guid":{"rendered":"https:\/\/pestgate.com\/product\/mata-mosquitos-electronico-g7\/"},"modified":"2020-09-11T15:37:35","modified_gmt":"2020-09-11T18:37:35","slug":"mata-mosquitos-electronico-g7","status":"publish","type":"product","link":"https:\/\/pestgate.com\/es\/producto\/mata-mosquitos-electronico-g7\/","title":{"rendered":"Mata mosquitos electr\u00f3nico G7"},"content":{"rendered":"<p>MOSQUITOS MATA ELECTRONIC G7<\/p>\n<p>El asesino electr\u00f3nico de mosquitos G7 atrae a los mosquitos con luz ultravioleta y cuando entran en la trampa una turbina los succiona y no pueden salir debido a la fuerte corriente de aire, por lo que mueren por deshidrataci\u00f3n.<\/p>\n<p>Capture la mayor\u00eda de los otros insectos voladores como mosquitos, loros, hormigas voladoras, polillas y ciertas especies de moscas.<\/p>\n<p>Caracteristicas:<\/p>\n<p>&#8211; 100 metros cuadrados de cobertura<br \/>\n&#8211; No utiliza ning\u00fan tipo de insecticida<br \/>\n&#8211; Solo funciona con electricidad<br \/>\n&#8211; Colector de agua para que los mosquitos desoven y as\u00ed sean capturados<br \/>\n&#8211; Captura y elimina mosquitos, loros y moscas.<br \/>\n&#8211; Funciona en interiores y exteriores, a la luz del d\u00eda y en la oscuridad.<br \/>\n&#8211; Es totalmente inofensivo para humanos y animales.<br \/>\n&#8211; Vida \u00fatil ilimitada<\/p>\n<p>Incre\u00edble servicio al cliente \u00a1Nos preocupa el \u00e9xito de su producto y queremos utilizar nuestra experiencia de m\u00e1s de 10 a\u00f1os en el negocio del control electr\u00f3nico de plagas para resolver su problema! Cuando nos compra, no solo obtiene nuestro producto garantizado, sino que tambi\u00e9n obtiene acceso a nuestro sistema de soporte que se preocupa por sus resultados. Estamos comprometidos a brindarle nuestra ayuda y conocimiento sobre c\u00f3mo proceder cuando hay un problema de control de plagas m\u00e1s dif\u00edcil de lo normal.<\/p>\n<p>Contacto haga clic aqu\u00ed<br \/>\nInformaci\u00f3n sobre enfermedades transmitidas por plagas.<br \/>\nArticulo 1<br \/>\nArt\u00edculo 2<\/p>\n","protected":false},"excerpt":{"rendered":"<p>MOSQUITOS MATA ELECTRONIC G7 El asesino electr\u00f3nico de mosquitos G7 atrae a los mosquitos con luz ultravioleta y cuando entran en la trampa una turbina los succiona y no pueden<\/p>\n","protected":false},"featured_media":6744,"template":"","meta":[],"product_brand":[],"product_cat":[312,315],"product_tag":[],"class_list":{"0":"post-6743","1":"product","2":"type-product","3":"status-publish","4":"has-post-thumbnail","6":"product_cat-control-electronico-de-plagas-y-repelentes","7":"product_cat-mata-mosquitos","9":"first","10":"instock","11":"shipping-taxable","12":"purchasable","13":"product-type-simple"},"_links":{"self":[{"href":"https:\/\/pestgate.com\/es\/wp-json\/wp\/v2\/product\/6743","targetHints":{"allow":["GET"]}}],"collection":[{"href":"https:\/\/pestgate.com\/es\/wp-json\/wp\/v2\/product"}],"about":[{"href":"https:\/\/pestgate.com\/es\/wp-json\/wp\/v2\/types\/product"}],"wp:featuredmedia":[{"embeddable":true,"href":"https:\/\/pestgate.com\/es\/wp-json\/wp\/v2\/media\/6744"}],"wp:attachment":[{"href":"https:\/\/pestgate.com\/es\/wp-json\/wp\/v2\/media?parent=6743"}],"wp:term":[{"taxonomy":"product_brand","embeddable":true,"href":"https:\/\/pestgate.com\/es\/wp-json\/wp\/v2\/product_brand?post=6743"},{"taxonomy":"product_cat","embeddable":true,"href":"https:\/\/pestgate.com\/es\/wp-json\/wp\/v2\/product_cat?post=6743"},{"taxonomy":"product_tag","embeddable":true,"href":"https:\/\/pestgate.com\/es\/wp-json\/wp\/v2\/product_tag?post=6743"}],"curies":[{"name":"wp","href":"https:\/\/api.w.org\/{rel}","templated":true}]}}