{"id":6746,"date":"2020-07-20T22:48:30","date_gmt":"2020-07-21T01:48:30","guid":{"rendered":"https:\/\/pestgate.com\/product\/repelente-de-aves-200m2\/"},"modified":"2020-07-20T22:48:30","modified_gmt":"2020-07-21T01:48:30","slug":"repelente-de-aves-200m2","status":"publish","type":"product","link":"https:\/\/pestgate.com\/es\/producto\/repelente-de-aves-200m2\/","title":{"rendered":"Repelente de aves 200m2"},"content":{"rendered":"<p>REPELENTE DE AVES 200M2<\/p>\n<p>REPELENTE DE AVES SSBR166<\/p>\n<p>Dise\u00f1ado para repeler palomas, gorriones, cuervos y la mayor\u00eda de las aves en interiores y exteriores.<\/p>\n<p>Adem\u00e1s, tiene dos modos de uso, s\u00f3nico o ultras\u00f3nico.<\/p>\n<p>El repelente de p\u00e1jaros de 200m2 es ideal para espacios como balcones, patios y terrazas, asegurando una protecci\u00f3n completa en interiores y exteriores.<\/p>\n<p>Especificaciones:<br \/>\nEmite ultrasonido \/ sonido selectivo<br \/>\nRepele la mayor\u00eda de las aves<br \/>\nFuncionamiento: 12 voltios (incluye transformador)<br \/>\nSeguro y no agresivo para animales como gatos y perros.<br \/>\nPresi\u00f3n sonora: hasta 130DB<br \/>\nCubre hasta 200m2 (sin obst\u00e1culos)<br \/>\nBarrido de frecuencia autom\u00e1tico<br \/>\n\u00c1ngulo de emisi\u00f3n de 280 grados (altavoz doble)<\/p>\n<p>(*) El equipo no puede exponerse a la lluvia.<\/p>\n","protected":false},"excerpt":{"rendered":"<p>REPELENTE DE AVES 200M2 REPELENTE DE AVES SSBR166 Dise\u00f1ado para repeler palomas, gorriones, cuervos y la mayor\u00eda de las aves en interiores y exteriores. Adem\u00e1s, tiene dos modos de uso,<\/p>\n","protected":false},"featured_media":6747,"template":"","meta":[],"product_brand":[],"product_cat":[312,311,308],"product_tag":[],"class_list":{"0":"post-6746","1":"product","2":"type-product","3":"status-publish","4":"has-post-thumbnail","6":"product_cat-control-electronico-de-plagas-y-repelentes","7":"product_cat-repelente-de-aves","8":"product_cat-todo-para-el-agro","10":"first","11":"instock","12":"shipping-taxable","13":"purchasable","14":"product-type-simple"},"_links":{"self":[{"href":"https:\/\/pestgate.com\/es\/wp-json\/wp\/v2\/product\/6746","targetHints":{"allow":["GET"]}}],"collection":[{"href":"https:\/\/pestgate.com\/es\/wp-json\/wp\/v2\/product"}],"about":[{"href":"https:\/\/pestgate.com\/es\/wp-json\/wp\/v2\/types\/product"}],"wp:featuredmedia":[{"embeddable":true,"href":"https:\/\/pestgate.com\/es\/wp-json\/wp\/v2\/media\/6747"}],"wp:attachment":[{"href":"https:\/\/pestgate.com\/es\/wp-json\/wp\/v2\/media?parent=6746"}],"wp:term":[{"taxonomy":"product_brand","embeddable":true,"href":"https:\/\/pestgate.com\/es\/wp-json\/wp\/v2\/product_brand?post=6746"},{"taxonomy":"product_cat","embeddable":true,"href":"https:\/\/pestgate.com\/es\/wp-json\/wp\/v2\/product_cat?post=6746"},{"taxonomy":"product_tag","embeddable":true,"href":"https:\/\/pestgate.com\/es\/wp-json\/wp\/v2\/product_tag?post=6746"}],"curies":[{"name":"wp","href":"https:\/\/api.w.org\/{rel}","templated":true}]}}