{"id":6751,"date":"2020-07-20T22:48:30","date_gmt":"2020-07-21T01:48:30","guid":{"rendered":"https:\/\/pestgate.com\/product\/trampa-de-mosquitos-g20\/"},"modified":"2020-07-20T22:48:30","modified_gmt":"2020-07-21T01:48:30","slug":"trampa-de-mosquitos-g20","status":"publish","type":"product","link":"https:\/\/pestgate.com\/es\/producto\/trampa-de-mosquitos-g20\/","title":{"rendered":"Trampa de mosquitos G20"},"content":{"rendered":"<p>Trampa de mosquitos<br \/>\nModelo G20<\/p>\n<p>La trampa para mosquitos g20 es el \u00fanico sistema que interrumpe el ciclo de reproducci\u00f3n de los mosquitos.<\/p>\n<p>En los mosquitos, quienes pican son las hembras ya que necesitan sangre para poder aportar prote\u00ednas a los huevos y as\u00ed terminar el ciclo de reproducci\u00f3n. Se calcula que una hembra puede poner entre 100 y 300 huevos tras ingerir sangre, pudiendo realizar varias ingestas a lo largo de su vida.<\/p>\n<p>La trampa atrae mosquitos y otros insectos y los succiona con una poderosa turbina donde luego mueren por deshidrataci\u00f3n.<\/p>\n<p>Caracter\u00edsticas de la trampa para mosquitos:<\/p>\n<p>&#8211; 350 metros cuadrados de cobertura<br \/>\n&#8211; No utiliza ning\u00fan tipo de insecticida<br \/>\n&#8211; Captura y elimina mosquitos, periquitos y el resto de insectos voladores<br \/>\n&#8211; Funciona en interiores y exteriores, a la luz del d\u00eda y en la oscuridad.<br \/>\n&#8211; Es totalmente inofensivo para humanos y animales.<br \/>\n&#8211; Impermeable<\/p>\n<p>&nbsp;<\/p>\n","protected":false},"excerpt":{"rendered":"<p>Trampa de mosquitos Modelo G20 La trampa para mosquitos g20 es el \u00fanico sistema que interrumpe el ciclo de reproducci\u00f3n de los mosquitos. En los mosquitos, quienes pican son las<\/p>\n","protected":false},"featured_media":6752,"template":"","meta":[],"product_brand":[],"product_cat":[312,315],"product_tag":[],"class_list":{"0":"post-6751","1":"product","2":"type-product","3":"status-publish","4":"has-post-thumbnail","6":"product_cat-control-electronico-de-plagas-y-repelentes","7":"product_cat-mata-mosquitos","9":"first","10":"instock","11":"shipping-taxable","12":"purchasable","13":"product-type-simple"},"_links":{"self":[{"href":"https:\/\/pestgate.com\/es\/wp-json\/wp\/v2\/product\/6751","targetHints":{"allow":["GET"]}}],"collection":[{"href":"https:\/\/pestgate.com\/es\/wp-json\/wp\/v2\/product"}],"about":[{"href":"https:\/\/pestgate.com\/es\/wp-json\/wp\/v2\/types\/product"}],"wp:featuredmedia":[{"embeddable":true,"href":"https:\/\/pestgate.com\/es\/wp-json\/wp\/v2\/media\/6752"}],"wp:attachment":[{"href":"https:\/\/pestgate.com\/es\/wp-json\/wp\/v2\/media?parent=6751"}],"wp:term":[{"taxonomy":"product_brand","embeddable":true,"href":"https:\/\/pestgate.com\/es\/wp-json\/wp\/v2\/product_brand?post=6751"},{"taxonomy":"product_cat","embeddable":true,"href":"https:\/\/pestgate.com\/es\/wp-json\/wp\/v2\/product_cat?post=6751"},{"taxonomy":"product_tag","embeddable":true,"href":"https:\/\/pestgate.com\/es\/wp-json\/wp\/v2\/product_tag?post=6751"}],"curies":[{"name":"wp","href":"https:\/\/api.w.org\/{rel}","templated":true}]}}